{"id":2334,"date":"2025-12-15T16:03:43","date_gmt":"2025-12-15T15:03:43","guid":{"rendered":"https:\/\/helenaswanstrom.com\/bokning\/"},"modified":"2026-01-21T15:54:34","modified_gmt":"2026-01-21T14:54:34","slug":"bokning","status":"publish","type":"page","link":"https:\/\/helenaswanstrom.com\/sv\/bokning\/","title":{"rendered":"Bokning"},"content":{"rendered":"<p>[et_pb_section fb_built=&#8221;1&#8243; admin_label=&#8221;section&#8221; _builder_version=&#8221;4.16&#8243; global_colors_info=&#8221;{}&#8221;][et_pb_row admin_label=&#8221;row&#8221; _builder_version=&#8221;4.16&#8243; background_size=&#8221;initial&#8221; background_position=&#8221;top_left&#8221; background_repeat=&#8221;repeat&#8221; global_colors_info=&#8221;{}&#8221;][et_pb_column type=&#8221;4_4&#8243; _builder_version=&#8221;4.16&#8243; custom_padding=&#8221;|||&#8221; global_colors_info=&#8221;{}&#8221; custom_padding__hover=&#8221;|||&#8221;][et_pb_text admin_label=&#8221;Text&#8221; _builder_version=&#8221;4.16&#8243; background_size=&#8221;initial&#8221; background_position=&#8221;top_left&#8221; background_repeat=&#8221;repeat&#8221; global_colors_info=&#8221;{}&#8221;]<\/p>\n<p><strong>Priser och villkor<\/strong><\/p>\n<p>G\u00e4ller from 2026-01-01<\/p>\n<p>Genom att boka en session hos mig sker ett aktivt godk\u00e4nnande av f\u00f6ljande villkor, vare sig du bokat tiden sj\u00e4lv via hemsidan, via mail, sms eller om vi bokat tiden under en session.<\/p>\n<p><strong>Pris och betalning<\/strong><\/p>\n<p>Individuell terapisession 1100 kr\/60 min<\/p>\n<p>Star Sapphire Engergy Work Session 1700 kr\/90 min<\/p>\n<p>Individuell Familjekonstellation 1700 kr\/90 min<\/p>\n<p>Betalning via faktura eller Swish inom 10 dagar<\/p>\n<p><strong>Om-och avbokning<\/strong><\/p>\n<p><strong>48 timmar innan bokad tid<\/strong><\/p>\n<p>Du kan avboka kostnadsfritt upp till 48 timmar f\u00f6re den avtalade tiden, d\u00e4refter debiteras fullt pris. Undantag g\u00f6rs f\u00f6r VAB och sjukdom d\u00e5 du debiteras halva summan. Det g\u00e5r att byta till ett digitalt m\u00f6te eller ett telefonsamtal om det skulle passa b\u00e4ttre. <\/p>\n<p>[\/et_pb_text][divi_step_booking layout=&#8221;2&#8243; _builder_version=&#8221;4.27.5&#8243; _module_preset=&#8221;default&#8221; global_colors_info=&#8221;{}&#8221;][\/divi_step_booking][\/et_pb_column][\/et_pb_row][\/et_pb_section]<\/p>\n<span class=\"et_bloom_bottom_trigger\"><\/span>","protected":false},"excerpt":{"rendered":"<p>Priser och villkor G\u00e4ller from 2026-01-01 Genom att boka en session hos mig sker ett aktivt godk\u00e4nnande av f\u00f6ljande villkor, vare sig du bokat tiden sj\u00e4lv via hemsidan, via mail, sms eller om vi bokat tiden under en session. Pris och betalning Individuell terapisession 1100 kr\/60 min Star Sapphire Engergy Work Session 1700 kr\/90 min [&hellip;]<\/p>\n","protected":false},"author":1,"featured_media":0,"parent":0,"menu_order":0,"comment_status":"closed","ping_status":"closed","template":"","meta":{"_seopress_robots_primary_cat":"","_seopress_titles_title":"","_seopress_titles_desc":"","_seopress_robots_index":"","_et_pb_use_builder":"on","_et_pb_old_content":"","_et_gb_content_width":"","footnotes":""},"class_list":["post-2334","page","type-page","status-publish","hentry"],"_links":{"self":[{"href":"https:\/\/helenaswanstrom.com\/sv\/wp-json\/wp\/v2\/pages\/2334","targetHints":{"allow":["GET"]}}],"collection":[{"href":"https:\/\/helenaswanstrom.com\/sv\/wp-json\/wp\/v2\/pages"}],"about":[{"href":"https:\/\/helenaswanstrom.com\/sv\/wp-json\/wp\/v2\/types\/page"}],"author":[{"embeddable":true,"href":"https:\/\/helenaswanstrom.com\/sv\/wp-json\/wp\/v2\/users\/1"}],"replies":[{"embeddable":true,"href":"https:\/\/helenaswanstrom.com\/sv\/wp-json\/wp\/v2\/comments?post=2334"}],"version-history":[{"count":5,"href":"https:\/\/helenaswanstrom.com\/sv\/wp-json\/wp\/v2\/pages\/2334\/revisions"}],"predecessor-version":[{"id":2417,"href":"https:\/\/helenaswanstrom.com\/sv\/wp-json\/wp\/v2\/pages\/2334\/revisions\/2417"}],"wp:attachment":[{"href":"https:\/\/helenaswanstrom.com\/sv\/wp-json\/wp\/v2\/media?parent=2334"}],"curies":[{"name":"wp","href":"https:\/\/api.w.org\/{rel}","templated":true}]}}